{"id":281,"date":"2025-10-16T10:26:24","date_gmt":"2025-10-16T08:26:24","guid":{"rendered":"https:\/\/cosesdelpoble.org\/?page_id=281"},"modified":"2025-10-16T11:39:12","modified_gmt":"2025-10-16T09:39:12","slug":"langorfa-2-2019","status":"publish","type":"page","link":"https:\/\/cosesdelpoble.org\/es\/publicacions\/langorfa-2-2019\/","title":{"rendered":"l&#8217;Angorfa 2 (2019)"},"content":{"rendered":"\n<div class=\"wp-block-media-text is-stacked-on-mobile is-vertically-aligned-top\" style=\"grid-template-columns:25% auto\"><figure class=\"wp-block-media-text__media\"><img loading=\"lazy\" decoding=\"async\" width=\"600\" height=\"801\" src=\"https:\/\/cosesdelpoble.org\/wp-content\/uploads\/2025\/10\/14_600px.png\" alt=\"\" class=\"wp-image-90 size-full\" srcset=\"https:\/\/cosesdelpoble.org\/wp-content\/uploads\/2025\/10\/14_600px.png 600w, https:\/\/cosesdelpoble.org\/wp-content\/uploads\/2025\/10\/14_600px-225x300.png 225w\" sizes=\"auto, (max-width: 600px) 100vw, 600px\" \/><\/figure><div class=\"wp-block-media-text__content\">\n<p>Articles publicats al n\u00famero 2&nbsp;de la revista l&#8217;Angorfa (2019). ISNN: 2605-5279<\/p>\n\n\n\n<ul class=\"wp-block-list\">\n<li>Andreu COSO y Sandra SOLER:\u00a0<em><a href=\"https:\/\/cosesdelpoble.org\/wp-content\/uploads\/2025\/10\/67e24d_044f7f7cb4394237b4b274984c745606.pdf\">Mar\u00eda Vall\u00e9s Sostres, pianista prodigiosa<\/a>.\u00a0<\/em>P\u00e0g. 4-9.<br><\/li>\n\n\n\n<li>Jordi ESTRUGA:\u00a0<em><a href=\"https:\/\/cosesdelpoble.org\/wp-content\/uploads\/2025\/10\/67e24d_31c048d4b8dc4958b42dc9c82e8a55a8.pdf\">Picasso, Apollinaire, Soler Casab\u00f3n i la m\u00fasica<\/a>,\u00a0<\/em>P\u00e0g. 10-14.<br><\/li>\n\n\n\n<li>Jacinto BONALES:\u00a0<a href=\"https:\/\/cosesdelpoble.org\/wp-content\/uploads\/2025\/10\/67e24d_8508023407dd49b4a9bec22f678dac60.pdf\"><em>Mequinensans a la Segona Guerra Mundial<\/em>.<\/a> P\u00e0g. 15-21.<br><\/li>\n\n\n\n<li>\u200b<a href=\"https:\/\/cosesdelpoble.org\/wp-content\/uploads\/2025\/10\/67e24d_e219883b3d4b4fb4ba11890951ac7f7d.pdf\">Miscel\u00b7l\u00e0nia<\/a>. P\u00e0g. 22-27.<br><\/li>\n\n\n\n<li>H\u00e8ctor MORET COSO: <a href=\"https:\/\/cosesdelpoble.org\/wp-content\/uploads\/2025\/10\/67e24d_960b13eb52814848843f03097eb4d70b.pdf\">Aportacions al l\u00e8xic er\u00f2tic i sexual del parlar del Poble<\/a><em>.\u00a0<\/em>P\u00e0g. 28-31.<br><\/li>\n\n\n\n<li>Laura FARR\u00c9 BADIA: <em><a href=\"https:\/\/cosesdelpoble.org\/wp-content\/uploads\/2025\/10\/67e24d_00195468050a4ab48feb4dd993802da3.pdf\">Aspectes morfosint\u00e0ctics de la llengua de Mequinensa.<\/a> <\/em>P\u00e0g. 32-41.\u00a0<br><\/li>\n\n\n\n<li>\u200bMaria Teresa MORET OLIVER:\u00a0<a href=\"https:\/\/cosesdelpoble.org\/wp-content\/uploads\/2025\/10\/67e24d_e1103616d72f4789932e24ad330180ce.pdf\"><em>&#8216;Um pare&#8217; els pronoms possessius a Mequinensa<\/em>.<\/a> P\u00e0g. 42-44.<br><\/li>\n\n\n\n<li>\u200bKrisztina NEMES:\u00a0<em><a href=\"https:\/\/cosesdelpoble.org\/wp-content\/uploads\/2025\/10\/67e24d_dcb591fe79e04e1f822d90a80a560abd.pdf\">Jes\u00fas Moncada i la mem\u00f2ria estremida dels mequinensans.<\/a><\/em> P\u00e0g. 45-52.<br><\/li>\n\n\n\n<li>\u200bLaura FARR\u00c9 BADIA:\u00a0<a href=\"https:\/\/cosesdelpoble.org\/wp-content\/uploads\/2025\/10\/67e24d_7dc68d1f6802442fb602156f1bd56379.pdf\"><em>La dona mequinensana a Estremida mem\u00f2ria<\/em>.<\/a> P\u00e0g. 53-60.<br><\/li>\n\n\n\n<li>\u200bAlfonso MA\u00cdLLO OLIVER:\u00a0<em><a href=\"https:\/\/cosesdelpoble.org\/wp-content\/uploads\/2025\/10\/67e24d_2d3484821be541eeb8aa9c6005caed80.pdf\">Nostoc commune &#8216;\u00bbMerda de Bruixa\u00bb.<\/a><\/em>\u00a0P\u00e0g. 61-63.<br><\/li>\n\n\n\n<li>\u200bElena MONTORI:\u00a0<em><a href=\"https:\/\/cosesdelpoble.org\/wp-content\/uploads\/2025\/10\/67e24d_25bf7dc53fd740148b51a1fad367acab.pdf\">Las n\u00e1yades en tierras del Ebro.<\/a>\u00a0<\/em>P\u00e0g. 64-66.<br><\/li>\n\n\n\n<li>Jos\u00e9 CARBONELL:\u00a0<em><a href=\"https:\/\/cosesdelpoble.org\/wp-content\/uploads\/2025\/10\/67e24d_e0d2ea5170654c15a39e0c1fa4be26fe.pdf\">Los caminos que conducen al Ebro y a Octogesa<\/a><\/em>. P\u00e0g. 67-74.<br><\/li>\n\n\n\n<li>Jacinto BONALES:\u00a0<em><a href=\"https:\/\/cosesdelpoble.org\/wp-content\/uploads\/2025\/10\/67e24d_16cbfd25d9044f09af97c261a5c32f59.pdf\">Mequinensa poble i castell.<\/a><\/em>\u00a0P\u00e0g. 75-81.<br><\/li>\n\n\n\n<li>Francisca VILELLA:\u00a0<a href=\"https:\/\/cosesdelpoble.org\/wp-content\/uploads\/2025\/10\/67e24d_d2e9e5e3ee4e412d91e7cf8fe0954b75.pdf\"><em>La navegaci\u00f3n por el Ebro en la Baja Edad Media<\/em>.<\/a> P\u00e0g. 82-86.<br><\/li>\n\n\n\n<li>\u200bMiguel IBARZ PRADES:\u00a0<a href=\"https:\/\/cosesdelpoble.org\/wp-content\/uploads\/2025\/10\/67e24d_1776f4e3061d4065ab662f356cd04708.pdf\"><em>De Nunilo Gim\u00e9nez a Joan Aixal\u00e0<\/em>.<\/a> P\u00e0g. 87-95.<br><\/li>\n\n\n\n<li>Mario SASOT:\u00a0<em><a href=\"https:\/\/cosesdelpoble.org\/wp-content\/uploads\/2025\/10\/67e24d_2222442dd11c4106a923e7a869418859.pdf\">La participaci\u00f3 de Jes\u00fas Moncada en el Projecte d&#8217;Animaci\u00f3 cultural<\/a><\/em> <em>a les escoles de la Franja.<\/em>\u00a0P\u00e0g. 96-101.<\/li>\n<\/ul>\n<\/div><\/div>\n","protected":false},"excerpt":{"rendered":"","protected":false},"author":1,"featured_media":0,"parent":12,"menu_order":0,"comment_status":"closed","ping_status":"closed","template":"","meta":{"footnotes":""},"class_list":["post-281","page","type-page","status-publish"],"_links":{"self":[{"href":"https:\/\/cosesdelpoble.org\/es\/wp-json\/wp\/v2\/pages\/281","targetHints":{"allow":["GET"]}}],"collection":[{"href":"https:\/\/cosesdelpoble.org\/es\/wp-json\/wp\/v2\/pages"}],"about":[{"href":"https:\/\/cosesdelpoble.org\/es\/wp-json\/wp\/v2\/types\/page"}],"author":[{"embeddable":true,"href":"https:\/\/cosesdelpoble.org\/es\/wp-json\/wp\/v2\/users\/1"}],"replies":[{"embeddable":true,"href":"https:\/\/cosesdelpoble.org\/es\/wp-json\/wp\/v2\/comments?post=281"}],"version-history":[{"count":2,"href":"https:\/\/cosesdelpoble.org\/es\/wp-json\/wp\/v2\/pages\/281\/revisions"}],"predecessor-version":[{"id":300,"href":"https:\/\/cosesdelpoble.org\/es\/wp-json\/wp\/v2\/pages\/281\/revisions\/300"}],"up":[{"embeddable":true,"href":"https:\/\/cosesdelpoble.org\/es\/wp-json\/wp\/v2\/pages\/12"}],"wp:attachment":[{"href":"https:\/\/cosesdelpoble.org\/es\/wp-json\/wp\/v2\/media?parent=281"}],"curies":[{"name":"wp","href":"https:\/\/api.w.org\/{rel}","templated":true}]}}