{"id":263,"date":"2025-10-16T10:03:42","date_gmt":"2025-10-16T08:03:42","guid":{"rendered":"https:\/\/cosesdelpoble.org\/?page_id=263"},"modified":"2025-10-16T10:21:09","modified_gmt":"2025-10-16T08:21:09","slug":"langorfa-3-2020","status":"publish","type":"page","link":"https:\/\/cosesdelpoble.org\/es\/publicacions\/langorfa-3-2020\/","title":{"rendered":"l&#8217;Angorfa 3 (2020)"},"content":{"rendered":"\n<div class=\"wp-block-media-text is-stacked-on-mobile is-vertically-aligned-top\" style=\"grid-template-columns:25% auto\"><figure class=\"wp-block-media-text__media\"><img loading=\"lazy\" decoding=\"async\" width=\"600\" height=\"881\" src=\"https:\/\/cosesdelpoble.org\/wp-content\/uploads\/2025\/10\/15_600px.jpg\" alt=\"\" class=\"wp-image-94 size-full\" srcset=\"https:\/\/cosesdelpoble.org\/wp-content\/uploads\/2025\/10\/15_600px.jpg 600w, https:\/\/cosesdelpoble.org\/wp-content\/uploads\/2025\/10\/15_600px-204x300.jpg 204w\" sizes=\"auto, (max-width: 600px) 100vw, 600px\" \/><\/figure><div class=\"wp-block-media-text__content\">\n<p>Articles publicats al n\u00famero 3 de la revista l&#8217;Angorfa (2020). ISNN: 2605-5279<\/p>\n\n\n\n<ul class=\"wp-block-list\">\n<li>Miguel IBARZ PRADES: <em><a href=\"https:\/\/cosesdelpoble.org\/wp-content\/uploads\/2025\/10\/67e24d_740f64bcc1494af6bc7c7e7d4347f3b3.pdf\">Joaqu\u00edn Torres Arbiol. Editor, escriptor, viatger i protector de l&#8217;ensenyament. Una llum per a Mequinensa.<\/a><\/em> P\u00e0g. 5-17.<br><\/li>\n\n\n\n<li>Sandra SOLER CAMPO, Jordi ESTRUGA ESTRUGA: <em><a href=\"https:\/\/cosesdelpoble.org\/wp-content\/uploads\/2025\/10\/67e24d_f81c3f6e0a0c4e5586010ec5b3038487.pdf\" data-type=\"link\" data-id=\"https:\/\/cosesdelpoble.org\/wp-content\/uploads\/2025\/10\/67e24d_f81c3f6e0a0c4e5586010ec5b3038487.pdf\">Vida i traject\u00f2ria de l&#8217;organista i compositor Joan Barter<\/a><\/em>, P\u00e0g. 18-21.<br><\/li>\n\n\n\n<li>Andreu COSO: <em><a href=\"https:\/\/cosesdelpoble.org\/wp-content\/uploads\/2025\/10\/67e24d_666b916b8b9344f6b44f29b6f3123552.pdf\" data-type=\"link\" data-id=\"https:\/\/cosesdelpoble.org\/wp-content\/uploads\/2025\/10\/67e24d_666b916b8b9344f6b44f29b6f3123552.pdf\">Miguel Ibarz Roca<\/a><\/em>. P\u00e0g. 22-28.<br><\/li>\n\n\n\n<li><em><a href=\"https:\/\/cosesdelpoble.org\/wp-content\/uploads\/2025\/10\/67e24d_8efb7dce27bf465e886efdb5bb8b2d36.pdf\">In Memoriam. Jordi Estruga i Estruga<\/a><\/em>. P\u00e0g. 29-40.<br><\/li>\n\n\n\n<li><a href=\"https:\/\/cosesdelpoble.org\/wp-content\/uploads\/2025\/10\/67e24d_e17d94d229314be88955cf25ad0c36d3.pdf\">Miscel\u00b7l\u00e0nia<\/a>. P\u00e0g. 41-46.<br><\/li>\n\n\n\n<li>H\u00e8ctor MORET COSO: <em><a href=\"https:\/\/cosesdelpoble.org\/wp-content\/uploads\/2025\/10\/67e24d_cc1fb52db14d4f139aacfedb32d687d0.pdf\">Trets del parlar de Mequinensa en les traduccions d&#8217;Edmon Vall\u00e8s<\/a><\/em>.<em>\u00a0<\/em>P\u00e0g. 47-54.<br><\/li>\n\n\n\n<li>Laura FARR\u00c9 BADIA: <em><a href=\"https:\/\/cosesdelpoble.org\/wp-content\/uploads\/2025\/10\/67e24d_9a51aea9d35c44fc9611fef4dbbb25e7.pdf\">La consci\u00e8ncia ling\u00fc\u00edstica i la dignificaci\u00f3 de la llengua que es parla a Mequinensa<\/a>.<\/em> P\u00e0g. 55-67.\u00a0<br><\/li>\n\n\n\n<li>Krisztina NEMES: <em><a href=\"https:\/\/cosesdelpoble.org\/wp-content\/uploads\/2025\/10\/67e24d_3f09870ec1e04bbf8ebfae9553d92e88.pdf\">Camins de sirga per Europa<\/a><\/em>. P\u00e0g. 68-76.<br><\/li>\n\n\n\n<li>\u200bAlfonso MA\u00cdLLO OLIVER: <a href=\"https:\/\/cosesdelpoble.org\/wp-content\/uploads\/2025\/10\/67e24d_00ea2c0397694f1484470b34eff8ff23.pdf\"><em>Capparis spinosa spinosa<\/em>, \u00abTaperera\u00bb<\/a>. P\u00e0g. 77-80.<br><\/li>\n\n\n\n<li>Maria Teresa MORET OLIVER: <a href=\"https:\/\/cosesdelpoble.org\/wp-content\/uploads\/2025\/10\/67e24d_1ff1c7c665624dd3a0965dc4671a3511.pdf\"><em>Sant Blas i Santa \u00c0gueda. Tradici\u00f3, patrimoni i identitat cultural de Mequinensa<\/em>.<\/a> P\u00e0g. 81-92.<br><\/li>\n\n\n\n<li>Jos\u00e9 Francisco CARBONELL VIDALLET,<em> <\/em>Joaqu\u00edn CUCH\u00cd G\u00d3MEZ PASTRANA:<em> <\/em><a href=\"https:\/\/cosesdelpoble.org\/wp-content\/uploads\/2025\/10\/67e24d_9ac0be81bb9a4d9f9ff1f3b49b0e289d.pdf\"><em>La presencia romana en Mequinenza<\/em>.<\/a> P\u00e0g. 93-99.<br><\/li>\n\n\n\n<li>\u200bJaume ARBIOL AGN\u00c9: <em><a href=\"https:\/\/cosesdelpoble.org\/wp-content\/uploads\/2025\/10\/67e24d_e66254ac25064f1c86d87e7be8a45012.pdf\">La febre groga a Mequinensa, 1821<\/a><\/em>. P\u00e0g. 100-108.<br><\/li>\n\n\n\n<li>\u200bAndreu COSO: <em><a href=\"https:\/\/cosesdelpoble.org\/wp-content\/uploads\/2025\/10\/67e24d_78ac9fb0a855428881c32b6cfc4768f4.pdf\">El minero i el divino. Conversa al peu d&#8217;un pi.<\/a><\/em> P\u00e0g. 109-112.<br><\/li>\n\n\n\n<li>\u200bPilar ARBIOL SAGARRA: <a href=\"https:\/\/cosesdelpoble.org\/wp-content\/uploads\/2025\/10\/67e24d_e9e0573bc88440c9b3214be0e43d9776.pdf\"><em>Flor de Sa\u00fcc<\/em>.<\/a> P\u00e0g. 113-118.<\/li>\n<\/ul>\n<\/div><\/div>\n","protected":false},"excerpt":{"rendered":"","protected":false},"author":1,"featured_media":0,"parent":12,"menu_order":0,"comment_status":"closed","ping_status":"closed","template":"","meta":{"footnotes":""},"class_list":["post-263","page","type-page","status-publish"],"_links":{"self":[{"href":"https:\/\/cosesdelpoble.org\/es\/wp-json\/wp\/v2\/pages\/263","targetHints":{"allow":["GET"]}}],"collection":[{"href":"https:\/\/cosesdelpoble.org\/es\/wp-json\/wp\/v2\/pages"}],"about":[{"href":"https:\/\/cosesdelpoble.org\/es\/wp-json\/wp\/v2\/types\/page"}],"author":[{"embeddable":true,"href":"https:\/\/cosesdelpoble.org\/es\/wp-json\/wp\/v2\/users\/1"}],"replies":[{"embeddable":true,"href":"https:\/\/cosesdelpoble.org\/es\/wp-json\/wp\/v2\/comments?post=263"}],"version-history":[{"count":2,"href":"https:\/\/cosesdelpoble.org\/es\/wp-json\/wp\/v2\/pages\/263\/revisions"}],"predecessor-version":[{"id":280,"href":"https:\/\/cosesdelpoble.org\/es\/wp-json\/wp\/v2\/pages\/263\/revisions\/280"}],"up":[{"embeddable":true,"href":"https:\/\/cosesdelpoble.org\/es\/wp-json\/wp\/v2\/pages\/12"}],"wp:attachment":[{"href":"https:\/\/cosesdelpoble.org\/es\/wp-json\/wp\/v2\/media?parent=263"}],"curies":[{"name":"wp","href":"https:\/\/api.w.org\/{rel}","templated":true}]}}