{"id":1397,"date":"2025-12-08T09:00:37","date_gmt":"2025-12-08T08:00:37","guid":{"rendered":"https:\/\/cosesdelpoble.org\/?page_id=1397"},"modified":"2025-12-08T09:07:48","modified_gmt":"2025-12-08T08:07:48","slug":"langorfa-5-2022","status":"publish","type":"page","link":"https:\/\/cosesdelpoble.org\/es\/publicacions\/langorfa-5-2022\/","title":{"rendered":"l&#8217;Angorfa 5 (2022)"},"content":{"rendered":"\n<div class=\"wp-block-media-text is-stacked-on-mobile is-vertically-aligned-top\" style=\"grid-template-columns:25% auto\"><figure class=\"wp-block-media-text__media\"><img loading=\"lazy\" decoding=\"async\" width=\"600\" height=\"849\" src=\"https:\/\/cosesdelpoble.org\/wp-content\/uploads\/2025\/12\/angorfa5_1-portada.jpg\" alt=\"\" class=\"wp-image-1399 size-full\" srcset=\"https:\/\/cosesdelpoble.org\/wp-content\/uploads\/2025\/12\/angorfa5_1-portada.jpg 600w, https:\/\/cosesdelpoble.org\/wp-content\/uploads\/2025\/12\/angorfa5_1-portada-212x300.jpg 212w\" sizes=\"auto, (max-width: 600px) 100vw, 600px\" \/><\/figure><div class=\"wp-block-media-text__content\">\n<p>Articles publicats al n\u00famero 5 de la revista l\u2019Angorfa (2022). ISNN: 2605-5279.<\/p>\n\n\n\n<ul class=\"wp-block-list\">\n<li><a href=\"https:\/\/cosesdelpoble.org\/wp-content\/uploads\/2025\/12\/angorfa5_2-Editorial.pdf\" data-type=\"link\" data-id=\"https:\/\/cosesdelpoble.org\/wp-content\/uploads\/2025\/12\/angorfa5_2-Editorial.pdf\">Editorial<\/a>. P\u00e0g 4<\/li>\n\n\n\n<li><em>In Memoriam Francisca Vilella<\/em>. P\u00e0g 5-7.<\/li>\n\n\n\n<li>H\u00e8ctor MORET COSO: <a href=\"https:\/\/cosesdelpoble.org\/wp-content\/uploads\/2025\/12\/angorfa5_3-Hector-Moret.pdf\" data-type=\"link\" data-id=\"https:\/\/cosesdelpoble.org\/wp-content\/uploads\/2025\/12\/angorfa5_3-Hector-Moret.pdf\">Peculiaritats de la llengua a Mequinensa<\/a>. P\u00e0g 8-12.<\/li>\n\n\n\n<li>Krisztina NEMES: <em><a href=\"https:\/\/cosesdelpoble.org\/wp-content\/uploads\/2025\/12\/angorfa5_4-Krysztina-Nemes.pdf\" data-type=\"link\" data-id=\"https:\/\/cosesdelpoble.org\/wp-content\/uploads\/2025\/12\/angorfa5_4-Krysztina-Nemes.pdf\">La Vila Roja<\/a><\/em>. P\u00e0g 13-21.<\/li>\n\n\n\n<li>Jaume ARBIOL AGN\u00c9: <em><a href=\"https:\/\/cosesdelpoble.org\/wp-content\/uploads\/2025\/12\/angorfa5_5-JaumeArbiol.pdf\" data-type=\"link\" data-id=\"https:\/\/cosesdelpoble.org\/wp-content\/uploads\/2025\/12\/angorfa5_5-JaumeArbiol.pdf\">L\u2019emigraci\u00f3 de la poblaci\u00f3n de Gandesa a mequinensa<\/a><\/em>. P\u00e0g 22-28.<\/li>\n\n\n\n<li>Alfonso MA\u00cdLLO OLIVER: <a href=\"https:\/\/cosesdelpoble.org\/wp-content\/uploads\/2025\/12\/angorfa5_6-Alfonso-Maillo.pdf\" data-type=\"link\" data-id=\"https:\/\/cosesdelpoble.org\/wp-content\/uploads\/2025\/12\/angorfa5_6-Alfonso-Maillo.pdf\"><em>Rumina decollata<\/em>. Caragoleta <em>Corals f\u00f2ssils a Riols<\/em><\/a> P\u00e0g 31-34<\/li>\n\n\n\n<li>Jos\u00e9 CARBONELL i Joaqu\u00edn CUCH\u00cd: <em><a href=\"https:\/\/cosesdelpoble.org\/wp-content\/uploads\/2025\/12\/angorfa5_7-Josep-Carbonell-i-J.-Cuchi.pdf\" data-type=\"link\" data-id=\"https:\/\/cosesdelpoble.org\/wp-content\/uploads\/2025\/12\/angorfa5_7-Josep-Carbonell-i-J.-Cuchi.pdf\">Indicios de actividad textil \u00edbero-romana en Mequinenza<\/a>.<\/em> P\u00e0g 35-43<\/li>\n\n\n\n<li>Dossier especial. Coses del Poble: <em><a href=\"https:\/\/cosesdelpoble.org\/wp-content\/uploads\/2025\/12\/angorfa5_8-Catedrals-del-lignit_compressed.pdf\" data-type=\"link\" data-id=\"https:\/\/cosesdelpoble.org\/wp-content\/uploads\/2025\/12\/angorfa5_8-Catedrals-del-lignit_compressed.pdf\">Catedrals del lignit<\/a>.<\/em> P\u00e0g 44-83.<\/li>\n\n\n\n<li>Andreu COSO: <em><a href=\"https:\/\/cosesdelpoble.org\/wp-content\/uploads\/2025\/12\/angorfa5_9-Andreu-Coso.pdf\" data-type=\"link\" data-id=\"https:\/\/cosesdelpoble.org\/wp-content\/uploads\/2025\/12\/angorfa5_9-Andreu-Coso.pdf\">Lo meu futbol, lo nostre futbol<\/a><\/em>. P\u00e0g 84-95.<\/li>\n\n\n\n<li>Andreu COSO, H\u00e8ctor MORET: <em><a href=\"https:\/\/cosesdelpoble.org\/wp-content\/uploads\/2025\/12\/angorfa5_10-Andreu-Coso-i-Hector-Moret.pdf\" data-type=\"link\" data-id=\"https:\/\/cosesdelpoble.org\/wp-content\/uploads\/2025\/12\/angorfa5_10-Andreu-Coso-i-Hector-Moret.pdf\">Retalls de vida: Manuel Coso Borb\u00f3n<\/a>.<\/em> P\u00e0g 96-100.<\/li>\n\n\n\n<li>Jos\u00e9 NICOLAU FONS: <a href=\"https:\/\/cosesdelpoble.org\/wp-content\/uploads\/2025\/12\/angorfa5_11-Jose-Nicolau.pdf\" data-type=\"link\" data-id=\"https:\/\/cosesdelpoble.org\/wp-content\/uploads\/2025\/12\/angorfa5_11-Jose-Nicolau.pdf\">Recuerdos de una \u00e9poca y de uno de sus protagonistas: Jos\u00e9 Noria Aguilar \u201cChorrus\u201d<\/a>. P\u00e0g 101-104.<\/li>\n\n\n\n<li>Batiste ESTRUGA: <em><a href=\"https:\/\/cosesdelpoble.org\/wp-content\/uploads\/2025\/12\/angorfa5_12-Batiste-Estruga.pdf\" data-type=\"link\" data-id=\"https:\/\/cosesdelpoble.org\/wp-content\/uploads\/2025\/12\/angorfa5_12-Batiste-Estruga.pdf\">Llegenda del tresor del Pare Pere de l\u2019esgl\u00e9sia de Mequinensa<\/a><\/em>. P\u00e0g 105-110.<\/li>\n\n\n\n<li>Neus PALLAR\u00c8S: <em><a href=\"https:\/\/cosesdelpoble.org\/wp-content\/uploads\/2025\/12\/angorfa5_13-Neus-Pallares.pdf\" data-type=\"link\" data-id=\"https:\/\/cosesdelpoble.org\/wp-content\/uploads\/2025\/12\/angorfa5_13-Neus-Pallares.pdf\">Com vaig coneixer en Jes\u00fas<\/a><\/em>. P\u00e0g 111-113.<\/li>\n\n\n\n<li>Mar AGUILAR: <em><a href=\"https:\/\/cosesdelpoble.org\/wp-content\/uploads\/2025\/12\/angorfa5_14-Mar-Aguilar-escultura.pdf\" data-type=\"link\" data-id=\"https:\/\/cosesdelpoble.org\/wp-content\/uploads\/2025\/12\/angorfa5_14-Mar-Aguilar-escultura.pdf\">Escultura<\/a><\/em>. P\u00e0g 114<\/li>\n<\/ul>\n<\/div><\/div>\n","protected":false},"excerpt":{"rendered":"","protected":false},"author":2,"featured_media":0,"parent":12,"menu_order":0,"comment_status":"closed","ping_status":"closed","template":"","meta":{"footnotes":""},"class_list":["post-1397","page","type-page","status-publish"],"_links":{"self":[{"href":"https:\/\/cosesdelpoble.org\/es\/wp-json\/wp\/v2\/pages\/1397","targetHints":{"allow":["GET"]}}],"collection":[{"href":"https:\/\/cosesdelpoble.org\/es\/wp-json\/wp\/v2\/pages"}],"about":[{"href":"https:\/\/cosesdelpoble.org\/es\/wp-json\/wp\/v2\/types\/page"}],"author":[{"embeddable":true,"href":"https:\/\/cosesdelpoble.org\/es\/wp-json\/wp\/v2\/users\/2"}],"replies":[{"embeddable":true,"href":"https:\/\/cosesdelpoble.org\/es\/wp-json\/wp\/v2\/comments?post=1397"}],"version-history":[{"count":3,"href":"https:\/\/cosesdelpoble.org\/es\/wp-json\/wp\/v2\/pages\/1397\/revisions"}],"predecessor-version":[{"id":1415,"href":"https:\/\/cosesdelpoble.org\/es\/wp-json\/wp\/v2\/pages\/1397\/revisions\/1415"}],"up":[{"embeddable":true,"href":"https:\/\/cosesdelpoble.org\/es\/wp-json\/wp\/v2\/pages\/12"}],"wp:attachment":[{"href":"https:\/\/cosesdelpoble.org\/es\/wp-json\/wp\/v2\/media?parent=1397"}],"curies":[{"name":"wp","href":"https:\/\/api.w.org\/{rel}","templated":true}]}}