{"id":1360,"date":"2025-12-05T12:47:00","date_gmt":"2025-12-05T11:47:00","guid":{"rendered":"https:\/\/cosesdelpoble.org\/?page_id=1360"},"modified":"2025-12-05T12:47:14","modified_gmt":"2025-12-05T11:47:14","slug":"langorfa-4-2021","status":"publish","type":"page","link":"https:\/\/cosesdelpoble.org\/es\/publicacions\/langorfa-4-2021\/","title":{"rendered":"l&#8217;Angorfa 4 (2021)"},"content":{"rendered":"\n<div class=\"wp-block-media-text is-stacked-on-mobile is-vertically-aligned-top\" style=\"grid-template-columns:25% auto\"><figure class=\"wp-block-media-text__media\"><img loading=\"lazy\" decoding=\"async\" width=\"600\" height=\"849\" src=\"https:\/\/cosesdelpoble.org\/wp-content\/uploads\/2025\/12\/2021_portada_Angorfa-4.jpg\" alt=\"\" class=\"wp-image-1391 size-full\" srcset=\"https:\/\/cosesdelpoble.org\/wp-content\/uploads\/2025\/12\/2021_portada_Angorfa-4.jpg 600w, https:\/\/cosesdelpoble.org\/wp-content\/uploads\/2025\/12\/2021_portada_Angorfa-4-212x300.jpg 212w\" sizes=\"auto, (max-width: 600px) 100vw, 600px\" \/><\/figure><div class=\"wp-block-media-text__content\">\n<p>Articles publicats al n\u00famero 4 de la revista l\u2019Angorfa (2021). ISNN: 2605-5279<\/p>\n\n\n\n<ul class=\"wp-block-list\">\n<li><a href=\"https:\/\/cosesdelpoble.org\/wp-content\/uploads\/2025\/12\/angorfa4_2-Editorial.pdf\" data-type=\"link\" data-id=\"https:\/\/cosesdelpoble.org\/wp-content\/uploads\/2025\/12\/angorfa4_2-Editorial.pdf\">Editorial<\/a>. P\u00e0g 4<\/li>\n\n\n\n<li><em><a href=\"https:\/\/cosesdelpoble.org\/wp-content\/uploads\/2025\/12\/angorfa4_3-In-memoriam-Magda-Godia.pdf\" data-type=\"link\" data-id=\"https:\/\/cosesdelpoble.org\/wp-content\/uploads\/2025\/12\/angorfa4_3-In-memoriam-Magda-Godia.pdf\">In Memoriam Magda Godia<\/a><\/em>. P\u00e0g 5-7.<\/li>\n\n\n\n<li>Andr\u00e9s COSO CATAL\u00c1N: <a href=\"https:\/\/cosesdelpoble.org\/wp-content\/uploads\/2025\/12\/angorfa4_4-Andreu-Coso.pdf\" data-type=\"link\" data-id=\"https:\/\/cosesdelpoble.org\/wp-content\/uploads\/2025\/12\/angorfa4_4-Andreu-Coso.pdf\"><em>Santiago Oliver Soler i Antonio Vall\u00e8s Perdrix .<\/em> <em>Dos compositors mequinensans nascuts al segle XX<\/em><\/a><em>. <\/em>P\u00e0g 8-13.<\/li>\n\n\n\n<li><a href=\"https:\/\/cosesdelpoble.org\/wp-content\/uploads\/2025\/12\/angorfa4_5-Miscel\u00b7lania.pdf\" data-type=\"link\" data-id=\"https:\/\/cosesdelpoble.org\/wp-content\/uploads\/2025\/12\/angorfa4_5-Miscel\u00b7lania.pdf\">Miscel\u00b7lania<\/a>: 14-17 \n<ul class=\"wp-block-list\">\n<li>Pergam\u00ed de l\u2019Ajuntament, <\/li>\n\n\n\n<li>La Pe\u00e7a: Paco Luis COPONS. <\/li>\n\n\n\n<li>Novetats publicades pel Grup.<\/li>\n<\/ul>\n<\/li>\n\n\n\n<li><a href=\"https:\/\/cosesdelpoble.org\/wp-content\/uploads\/2025\/12\/angorfa4_7-LLibres-de-Mequinensa.pdf\" data-type=\"link\" data-id=\"https:\/\/cosesdelpoble.org\/wp-content\/uploads\/2025\/12\/angorfa4_7-LLibres-de-Mequinensa.pdf\">Llibres de mequinensans<\/a>: P\u00e0g 18-19 \n<ul class=\"wp-block-list\">\n<li>H\u00e8ctor MORET: <em>DAT PEL SAC<\/em>. <\/li>\n\n\n\n<li>Jaime TOM\u00c0S: <em>Las batallas perdidas<\/em>.<\/li>\n<\/ul>\n<\/li>\n\n\n\n<li>Krisztina NEMES: <em><a href=\"https:\/\/cosesdelpoble.org\/wp-content\/uploads\/2025\/12\/angorfa4_8-Krystina-Nemes.pdf\" data-type=\"link\" data-id=\"https:\/\/cosesdelpoble.org\/wp-content\/uploads\/2025\/12\/angorfa4_8-Krystina-Nemes.pdf\">Les cases que es buiden<\/a><\/em>. Pag 20-23<\/li>\n\n\n\n<li>Juan BERNAL GUERRERO: <a href=\"https:\/\/cosesdelpoble.org\/wp-content\/uploads\/2025\/12\/angorfa4_9-Juan-Bernal-Guerrero.pdf\" data-type=\"link\" data-id=\"https:\/\/cosesdelpoble.org\/wp-content\/uploads\/2025\/12\/angorfa4_9-Juan-Bernal-Guerrero.pdf\">Cygnus olor. <em>Cigne mut. Cisne vulgar o mudo<\/em><\/a>. P\u00e0g 24-26.<\/li>\n\n\n\n<li>Alfonso MA\u00cdLLO OLIVER: <em><a href=\"https:\/\/cosesdelpoble.org\/wp-content\/uploads\/2025\/12\/angorfa4_10-Alfonso-Maillo.pdf\" data-type=\"link\" data-id=\"https:\/\/cosesdelpoble.org\/wp-content\/uploads\/2025\/12\/angorfa4_10-Alfonso-Maillo.pdf\">Clytos rhamni ssp. Bellieri. Escarabat avespa<\/a><\/em>. Pag 27-29.<\/li>\n\n\n\n<li>H\u00e8ctor MORET COSO i Maite MORET OLIVER. <em><a href=\"https:\/\/cosesdelpoble.org\/wp-content\/uploads\/2025\/12\/angorfa4_11-Hector-Moret-i-Maite-Moret.pdf\" data-type=\"link\" data-id=\"https:\/\/cosesdelpoble.org\/wp-content\/uploads\/2025\/12\/angorfa4_11-Hector-Moret-i-Maite-Moret.pdf\">La pesca tradicionala Mequinensa ( i Fai\u00f3)<\/a><\/em>. P\u00e0g 30-39.<\/li>\n\n\n\n<li>Francesc ARAN<em>: <\/em><a href=\"https:\/\/cosesdelpoble.org\/wp-content\/uploads\/2025\/12\/angorfa4_12-Francesc-Aran.pdf\" data-type=\"link\" data-id=\"https:\/\/cosesdelpoble.org\/wp-content\/uploads\/2025\/12\/angorfa4_12-Francesc-Aran.pdf\"><em>La s\u00e8quia del marge esquerre del Segre i el seu mol\u00ed<\/em>.<\/a> Pag 40-45.<\/li>\n\n\n\n<li>Miguel IBARZ PRADES<em>: <a href=\"https:\/\/cosesdelpoble.org\/wp-content\/uploads\/2025\/12\/angorfa4_13-Miguel-Ibarz.pdf\" data-type=\"link\" data-id=\"https:\/\/cosesdelpoble.org\/wp-content\/uploads\/2025\/12\/angorfa4_13-Miguel-Ibarz.pdf\">Les ermites de Mequinensa: els Sants Metges Cosme i Dami\u00e0 i la \u201ccapella\u201d de Santa<\/a><\/em><\/li>\n\n\n\n<li><em>Agat\u00f2clia<\/em>. P\u00e0g 46-53.<\/li>\n\n\n\n<li>Mar\u00eda Jes\u00fas LLAVERO: <a href=\"https:\/\/cosesdelpoble.org\/wp-content\/uploads\/2025\/12\/angorfa4_14-Maria-Jesus-Llavero.pdf\" data-type=\"link\" data-id=\"https:\/\/cosesdelpoble.org\/wp-content\/uploads\/2025\/12\/angorfa4_14-Maria-Jesus-Llavero.pdf\"><em>Del carb\u00f3 al vidre. Aproximaci\u00f3 a l&#8217;estudi de la ind\u00fastria del vidre al Baix Segre<\/em>.<\/a> P\u00e0g 54-57<\/li>\n\n\n\n<li>Ra\u00fal GUARDIOLA NAVARRO: <em><a href=\"https:\/\/cosesdelpoble.org\/wp-content\/uploads\/2025\/12\/angorfa4_15-Raul-Guardiola.pdf\" data-type=\"link\" data-id=\"https:\/\/cosesdelpoble.org\/wp-content\/uploads\/2025\/12\/angorfa4_15-Raul-Guardiola.pdf\">Construcci\u00f3 i utilitzaci\u00f3 de forns culinaris d&#8217;\u00e8poca protohist\u00f3rica<\/a><\/em> P\u00e0g 58-65<\/li>\n\n\n\n<li>Jaume ARBIOL AGN\u00c9: <em><a href=\"https:\/\/cosesdelpoble.org\/wp-content\/uploads\/2025\/12\/angorfa4_16-Jaime-Arbiol.pdf\" data-type=\"link\" data-id=\"https:\/\/cosesdelpoble.org\/wp-content\/uploads\/2025\/12\/angorfa4_16-Jaime-Arbiol.pdf\">Assalt als soldats del Castell (1822)<\/a><\/em>. P\u00e0g 66-75.<\/li>\n\n\n\n<li>Roberto MOROTE: <em><a href=\"https:\/\/cosesdelpoble.org\/wp-content\/uploads\/2025\/12\/angorfa4_17-Roberto-Morote.pdf\" data-type=\"link\" data-id=\"https:\/\/cosesdelpoble.org\/wp-content\/uploads\/2025\/12\/angorfa4_17-Roberto-Morote.pdf\">Cam\u00ed de Sirga. De la novela al c\u00f2mic<\/a><\/em>. Pg. 76-81.<\/li>\n\n\n\n<li>Batiste ESTRUGA Y Carlos CUBERO: <a href=\"https:\/\/cosesdelpoble.org\/wp-content\/uploads\/2025\/12\/angorfa4_18-Batiste-Estruga-i-Carlos-Cubero.pdf\" data-type=\"link\" data-id=\"https:\/\/cosesdelpoble.org\/wp-content\/uploads\/2025\/12\/angorfa4_18-Batiste-Estruga-i-Carlos-Cubero.pdf\"><em>Patrons de lla\u00fct y calafaters de Mequinenza<\/em>.<\/a> P\u00e0g. 82-90<\/li>\n\n\n\n<li>Alliete VALL\u00c9S L\u00d3PEZ<em>: <a href=\"https:\/\/cosesdelpoble.org\/wp-content\/uploads\/2025\/12\/angorfa4_19-Alliette-Valles-Lopez.pdf\" data-type=\"link\" data-id=\"https:\/\/cosesdelpoble.org\/wp-content\/uploads\/2025\/12\/angorfa4_19-Alliette-Valles-Lopez.pdf\">Mi familia mequinenzana<\/a><\/em> P\u00e0g 91-96.<\/li>\n\n\n\n<li>Mary ZAPATER: <a href=\"https:\/\/cosesdelpoble.org\/wp-content\/uploads\/2025\/12\/angorfa4_20-Mary-Zapater.pdf\" data-type=\"link\" data-id=\"https:\/\/cosesdelpoble.org\/wp-content\/uploads\/2025\/12\/angorfa4_20-Mary-Zapater.pdf\"><em>Retalls de vida<\/em>.<\/a> P\u00e0g. 97-100.<\/li>\n\n\n\n<li>Premi relats curts l\u2019Angorfa, 2021: Silvia FERRAGUT BORB\u00d3N. <em><a href=\"https:\/\/cosesdelpoble.org\/wp-content\/uploads\/2025\/12\/angorfa4_21-Premi-relats-curts-Silvia-Ferragut.pdf\" data-type=\"link\" data-id=\"https:\/\/cosesdelpoble.org\/wp-content\/uploads\/2025\/12\/angorfa4_21-Premi-relats-curts-Silvia-Ferragut.pdf\">Gotes de mel, gotes de fet.<\/a><\/em> P\u00e0g 101-105.<\/li>\n\n\n\n<li>Batiste ESTRUGA. <em><a href=\"https:\/\/cosesdelpoble.org\/wp-content\/uploads\/2025\/12\/angorfa4_22-Batiste-Estruga.pdf\" data-type=\"link\" data-id=\"https:\/\/cosesdelpoble.org\/wp-content\/uploads\/2025\/12\/angorfa4_22-Batiste-Estruga.pdf\">Vinyeta<\/a><\/em><\/li>\n\n\n\n<li>Javi TORRES. <em><a href=\"https:\/\/cosesdelpoble.org\/wp-content\/uploads\/2025\/12\/angorfa4_23-Escultura-Javi.pdf\" data-type=\"link\" data-id=\"https:\/\/cosesdelpoble.org\/wp-content\/uploads\/2025\/12\/angorfa4_23-Escultura-Javi.pdf\">Escultura<\/a><\/em> P\u00e0g. 107.<\/li>\n<\/ul>\n<\/div><\/div>\n","protected":false},"excerpt":{"rendered":"","protected":false},"author":2,"featured_media":0,"parent":12,"menu_order":0,"comment_status":"closed","ping_status":"closed","template":"","meta":{"footnotes":""},"class_list":["post-1360","page","type-page","status-publish"],"_links":{"self":[{"href":"https:\/\/cosesdelpoble.org\/es\/wp-json\/wp\/v2\/pages\/1360","targetHints":{"allow":["GET"]}}],"collection":[{"href":"https:\/\/cosesdelpoble.org\/es\/wp-json\/wp\/v2\/pages"}],"about":[{"href":"https:\/\/cosesdelpoble.org\/es\/wp-json\/wp\/v2\/types\/page"}],"author":[{"embeddable":true,"href":"https:\/\/cosesdelpoble.org\/es\/wp-json\/wp\/v2\/users\/2"}],"replies":[{"embeddable":true,"href":"https:\/\/cosesdelpoble.org\/es\/wp-json\/wp\/v2\/comments?post=1360"}],"version-history":[{"count":1,"href":"https:\/\/cosesdelpoble.org\/es\/wp-json\/wp\/v2\/pages\/1360\/revisions"}],"predecessor-version":[{"id":1392,"href":"https:\/\/cosesdelpoble.org\/es\/wp-json\/wp\/v2\/pages\/1360\/revisions\/1392"}],"up":[{"embeddable":true,"href":"https:\/\/cosesdelpoble.org\/es\/wp-json\/wp\/v2\/pages\/12"}],"wp:attachment":[{"href":"https:\/\/cosesdelpoble.org\/es\/wp-json\/wp\/v2\/media?parent=1360"}],"curies":[{"name":"wp","href":"https:\/\/api.w.org\/{rel}","templated":true}]}}