{"id":1287,"date":"2025-10-16T09:49:00","date_gmt":"2025-10-16T07:49:00","guid":{"rendered":"https:\/\/cosesdelpoble.org\/que-hacer\/"},"modified":"2025-11-13T23:50:13","modified_gmt":"2025-11-13T22:50:13","slug":"que-hacer","status":"publish","type":"page","link":"https:\/\/cosesdelpoble.org\/es\/que-hacer\/","title":{"rendered":"\u00bfQu\u00e9 hacer?"},"content":{"rendered":"\n<div class=\"wp-block-columns is-layout-flex wp-container-core-columns-is-layout-9d6595d7 wp-block-columns-is-layout-flex\">\n<div class=\"wp-block-column is-layout-flow wp-block-column-is-layout-flow\" style=\"flex-basis:75%\">\n<h2 class=\"wp-block-heading\" style=\"font-size:52px\"><strong>\u00a1Ven a Coses del Poble!<\/strong><\/h2>\n<\/div>\n\n\n\n<div class=\"wp-block-column is-layout-flow wp-block-column-is-layout-flow\">\n<div class=\"wp-block-buttons is-layout-flex wp-container-core-buttons-is-layout-a74382ec wp-block-buttons-is-layout-flex\">\n<div class=\"wp-block-button\"><a class=\"wp-block-button__link has-accent-background-color has-background has-medium-font-size has-custom-font-size wp-element-button\" href=\"https:\/\/cosesdelpoble.org\/es\/contacto\/\" style=\"font-style:normal;font-weight:700\">CONTACTO<\/a><\/div>\n<\/div>\n<\/div>\n<\/div>\n\n<h3 class=\"wp-block-heading has-text-align-center title-borders has-large-font-size\"><strong>Mequinenza tambi\u00e9n es cultura<\/strong><\/h3>\n\n<div class=\"wp-block-media-text is-stacked-on-mobile\"><figure class=\"wp-block-media-text__media\"><img loading=\"lazy\" decoding=\"async\" width=\"600\" height=\"450\" src=\"https:\/\/cosesdelpoble.org\/wp-content\/uploads\/2025\/10\/quefer.jpg\" alt=\"\" class=\"wp-image-253 size-full\" srcset=\"https:\/\/cosesdelpoble.org\/wp-content\/uploads\/2025\/10\/quefer.jpg 600w, https:\/\/cosesdelpoble.org\/wp-content\/uploads\/2025\/10\/quefer-300x225.jpg 300w\" sizes=\"auto, (max-width: 600px) 100vw, 600px\" \/><\/figure><div class=\"wp-block-media-text__content\">\n<h4 class=\"wp-block-heading\">Si est\u00e1s interesado en:<\/h4>\n\n\n\n<p class=\"has-medium-font-size\">Antropolog\u00eda, arqueolog\u00eda, costumbres, etnograf\u00eda, etnolog\u00eda, fauna, flora, geograf\u00eda, geolog\u00eda, historia, literatura, lengua, tradiciones&#8230;<br\/><br\/>\u00a1Aqu\u00ed tienes un lugar para investigar, compartir, colaborar y conservar!<\/p>\n<\/div><\/div>\n","protected":false},"excerpt":{"rendered":"<p>\u00a1Ven a Coses del Poble! Mequinenza tambi\u00e9n es cultura Si est\u00e1s interesado en: Antropolog\u00eda, arqueolog\u00eda, costumbres, etnograf\u00eda, etnolog\u00eda, fauna, flora, geograf\u00eda, geolog\u00eda, historia, literatura, lengua, tradiciones&#8230; \u00a1Aqu\u00ed tienes un lugar para investigar, compartir, colaborar y conservar!<\/p>\n","protected":false},"author":1,"featured_media":0,"parent":0,"menu_order":0,"comment_status":"closed","ping_status":"closed","template":"","meta":{"footnotes":""},"class_list":["post-1287","page","type-page","status-publish"],"_links":{"self":[{"href":"https:\/\/cosesdelpoble.org\/es\/wp-json\/wp\/v2\/pages\/1287","targetHints":{"allow":["GET"]}}],"collection":[{"href":"https:\/\/cosesdelpoble.org\/es\/wp-json\/wp\/v2\/pages"}],"about":[{"href":"https:\/\/cosesdelpoble.org\/es\/wp-json\/wp\/v2\/types\/page"}],"author":[{"embeddable":true,"href":"https:\/\/cosesdelpoble.org\/es\/wp-json\/wp\/v2\/users\/1"}],"replies":[{"embeddable":true,"href":"https:\/\/cosesdelpoble.org\/es\/wp-json\/wp\/v2\/comments?post=1287"}],"version-history":[{"count":1,"href":"https:\/\/cosesdelpoble.org\/es\/wp-json\/wp\/v2\/pages\/1287\/revisions"}],"predecessor-version":[{"id":1288,"href":"https:\/\/cosesdelpoble.org\/es\/wp-json\/wp\/v2\/pages\/1287\/revisions\/1288"}],"wp:attachment":[{"href":"https:\/\/cosesdelpoble.org\/es\/wp-json\/wp\/v2\/media?parent=1287"}],"curies":[{"name":"wp","href":"https:\/\/api.w.org\/{rel}","templated":true}]}}