{"id":1279,"date":"2025-10-15T10:34:06","date_gmt":"2025-10-15T08:34:06","guid":{"rendered":"https:\/\/cosesdelpoble.org\/implicate\/"},"modified":"2025-11-13T23:44:02","modified_gmt":"2025-11-13T22:44:02","slug":"implicate","status":"publish","type":"page","link":"https:\/\/cosesdelpoble.org\/es\/implicate\/","title":{"rendered":"Impl\u00edcate"},"content":{"rendered":"\n<h2 class=\"wp-block-heading\"><strong>\u00a1Te queremos en el pueblo! \u00a1Te queremos para el pueblo! <\/strong><\/h2>\n\n<h5 class=\"wp-block-heading\">Y t\u00fa, \u00bfqu\u00e9 puedes hacer para el pueblo? \u00bfQuieres compartir tu pasi\u00f3n? <\/h5>\n\n<div class=\"wp-block-cb-carousel-v2 cb-carousel-block cb-single-slide\" data-cb-slides-per-view=\"1\" data-cb-slides-per-group=\"1\" data-cb-space-between=\"15\" data-cb-speed=\"300\" data-cb-navigation=\"true\" data-cb-loop=\"true\" data-cb-autoplay=\"true\" data-cb-autoplay-speed=\"3000\" data-cb-breakpoints=\"{&quot;768&quot;:{&quot;slidesPerView&quot;:1,&quot;slidesPerGroup&quot;:1}}\"><div class=\"swiper\"><div class=\"cb-wrapper swiper-wrapper\">\n<div class=\"wp-block-cb-slide-v2 cb-slide swiper-slide\"><div class=\"wp-block-image\">\n<figure class=\"aligncenter size-full\"><img loading=\"lazy\" decoding=\"async\" width=\"332\" height=\"450\" src=\"https:\/\/cosesdelpoble.org\/wp-content\/uploads\/2025\/10\/slider-04_600px-e1760541428860.jpg\" alt=\"\" class=\"wp-image-176\"\/><\/figure>\n<\/div>\n\n\n<h4 class=\"wp-block-heading has-text-align-center\">Participa!<\/h4>\n<\/div>\n\n\n\n<div class=\"wp-block-cb-slide-v2 cb-slide swiper-slide\"><div class=\"wp-block-image\">\n<figure class=\"aligncenter size-full\"><img loading=\"lazy\" decoding=\"async\" width=\"600\" height=\"450\" src=\"https:\/\/cosesdelpoble.org\/wp-content\/uploads\/2025\/10\/slider-08_600px.jpg\" alt=\"\" class=\"wp-image-179\" srcset=\"https:\/\/cosesdelpoble.org\/wp-content\/uploads\/2025\/10\/slider-08_600px.jpg 600w, https:\/\/cosesdelpoble.org\/wp-content\/uploads\/2025\/10\/slider-08_600px-300x225.jpg 300w\" sizes=\"auto, (max-width: 600px) 100vw, 600px\" \/><\/figure>\n<\/div>\n\n\n<h4 class=\"wp-block-heading has-text-align-center\">Necr\u00f3polis de Dell\u00e0 Segre<\/h4>\n<\/div>\n\n\n\n<div class=\"wp-block-cb-slide-v2 cb-slide swiper-slide\"><div class=\"wp-block-image\">\n<figure class=\"aligncenter size-full\"><img loading=\"lazy\" decoding=\"async\" width=\"600\" height=\"450\" src=\"https:\/\/cosesdelpoble.org\/wp-content\/uploads\/2025\/10\/slider-07_600px.jpg\" alt=\"\" class=\"wp-image-180\" srcset=\"https:\/\/cosesdelpoble.org\/wp-content\/uploads\/2025\/10\/slider-07_600px.jpg 600w, https:\/\/cosesdelpoble.org\/wp-content\/uploads\/2025\/10\/slider-07_600px-300x225.jpg 300w\" sizes=\"auto, (max-width: 600px) 100vw, 600px\" \/><\/figure>\n<\/div>\n\n\n<h4 class=\"wp-block-heading has-text-align-center\">Espona al Pla<\/h4>\n<\/div>\n\n\n\n<div class=\"wp-block-cb-slide-v2 cb-slide swiper-slide\"><div class=\"wp-block-image\">\n<figure class=\"aligncenter size-full\"><img loading=\"lazy\" decoding=\"async\" width=\"600\" height=\"450\" src=\"https:\/\/cosesdelpoble.org\/wp-content\/uploads\/2025\/10\/slider-06_600px.jpg\" alt=\"\" class=\"wp-image-181\" srcset=\"https:\/\/cosesdelpoble.org\/wp-content\/uploads\/2025\/10\/slider-06_600px.jpg 600w, https:\/\/cosesdelpoble.org\/wp-content\/uploads\/2025\/10\/slider-06_600px-300x225.jpg 300w\" sizes=\"auto, (max-width: 600px) 100vw, 600px\" \/><\/figure>\n<\/div>\n\n\n<h4 class=\"wp-block-heading has-text-align-center\">Santa Agat\u00f2clia<\/h4>\n<\/div>\n<\/div><\/div><div class=\"cb-button-prev swiper-button-prev\"><\/div><div class=\"cb-button-next swiper-button-next\"><\/div><\/div>\n\n<div class=\"wp-block-columns is-layout-flex wp-container-core-columns-is-layout-9d6595d7 wp-block-columns-is-layout-flex\">\n<div class=\"wp-block-column is-layout-flow wp-block-column-is-layout-flow\" style=\"flex-basis:25%\">\n<h4 class=\"wp-block-heading has-text-align-center\">\u00a1Comparte con nosotros la pasi\u00f3n por el patrimonio de Mequinenza!<\/h4>\n<\/div>\n\n\n\n<div class=\"wp-block-column is-vertically-aligned-center is-layout-flow wp-block-column-is-layout-flow\" style=\"flex-basis:75%\">\n<p style=\"font-size:17px\">En la asociaci\u00f3n Coses del Poble tienen cabida todos aquellos que quieran al Poble. \u00bfQuer\u00e9is saber m\u00e1s sobre la naturaleza, la historia y la cultura de Mequinenza? \u00bfTen\u00e9is una pasi\u00f3n y quer\u00e9is compartirla con todos nosotros? Podemos hacer mucho por Mequinenza. \u00a1El pueblo te necesita!    <\/p>\n<\/div>\n<\/div>\n","protected":false},"excerpt":{"rendered":"<p>\u00a1Te queremos en el pueblo! \u00a1Te queremos para el pueblo! Y t\u00fa, \u00bfqu\u00e9 puedes hacer para el pueblo? \u00bfQuieres compartir tu pasi\u00f3n? \u00a1Comparte con nosotros la pasi\u00f3n por el patrimonio de Mequinenza! En la asociaci\u00f3n Coses del Poble tienen cabida todos aquellos que quieran al Poble. \u00bfQuer\u00e9is saber m\u00e1s sobre la naturaleza, la historia y &#8230; <a title=\"Impl\u00edcate\" class=\"read-more\" href=\"https:\/\/cosesdelpoble.org\/es\/implicate\/\" aria-label=\"Leer m\u00e1s sobre Impl\u00edcate\">Leer m\u00e1s<\/a><\/p>\n","protected":false},"author":1,"featured_media":0,"parent":0,"menu_order":0,"comment_status":"closed","ping_status":"closed","template":"","meta":{"footnotes":""},"class_list":["post-1279","page","type-page","status-publish"],"_links":{"self":[{"href":"https:\/\/cosesdelpoble.org\/es\/wp-json\/wp\/v2\/pages\/1279","targetHints":{"allow":["GET"]}}],"collection":[{"href":"https:\/\/cosesdelpoble.org\/es\/wp-json\/wp\/v2\/pages"}],"about":[{"href":"https:\/\/cosesdelpoble.org\/es\/wp-json\/wp\/v2\/types\/page"}],"author":[{"embeddable":true,"href":"https:\/\/cosesdelpoble.org\/es\/wp-json\/wp\/v2\/users\/1"}],"replies":[{"embeddable":true,"href":"https:\/\/cosesdelpoble.org\/es\/wp-json\/wp\/v2\/comments?post=1279"}],"version-history":[{"count":1,"href":"https:\/\/cosesdelpoble.org\/es\/wp-json\/wp\/v2\/pages\/1279\/revisions"}],"predecessor-version":[{"id":1280,"href":"https:\/\/cosesdelpoble.org\/es\/wp-json\/wp\/v2\/pages\/1279\/revisions\/1280"}],"wp:attachment":[{"href":"https:\/\/cosesdelpoble.org\/es\/wp-json\/wp\/v2\/media?parent=1279"}],"curies":[{"name":"wp","href":"https:\/\/api.w.org\/{rel}","templated":true}]}}