{"id":1273,"date":"2025-10-15T10:27:23","date_gmt":"2025-10-15T08:27:23","guid":{"rendered":"https:\/\/cosesdelpoble.org\/nuestros-proyectos\/"},"modified":"2025-11-13T23:41:58","modified_gmt":"2025-11-13T22:41:58","slug":"nuestros-proyectos","status":"publish","type":"page","link":"https:\/\/cosesdelpoble.org\/es\/nuestros-proyectos\/","title":{"rendered":"Nuestros proyectos"},"content":{"rendered":"\n<p style=\"font-size:17px\">Un espacio tan rico en patrimonio cultural y natural com el del t\u00e9rmino de Mequinenza ha de adolecer, a la fuerza, de numerosos problemas. El principal es su desconocimiento. Los miembros de Coses del Poble unimos intereses y esfuerzos para conocer y difundir esta riqueza. Actualmente tenemos en funcionamiento los siguientes proyectos:   <\/p>\n\n<div class=\"wp-block-media-text is-stacked-on-mobile project-item\" style=\"grid-template-columns:25% auto\"><figure class=\"wp-block-media-text__media\"><img loading=\"lazy\" decoding=\"async\" width=\"600\" height=\"594\" src=\"https:\/\/cosesdelpoble.org\/wp-content\/uploads\/2025\/10\/kk2019_600px.png\" alt=\"\" class=\"wp-image-125 size-full\" srcset=\"https:\/\/cosesdelpoble.org\/wp-content\/uploads\/2025\/10\/kk2019_600px.png 600w, https:\/\/cosesdelpoble.org\/wp-content\/uploads\/2025\/10\/kk2019_600px-300x297.png 300w, https:\/\/cosesdelpoble.org\/wp-content\/uploads\/2025\/10\/kk2019_600px-150x150.png 150w\" sizes=\"auto, (max-width: 600px) 100vw, 600px\" \/><\/figure><div class=\"wp-block-media-text__content\">\n<h3 class=\"wp-block-heading\">Kultura al Karrer<\/h3>\n\n\n\n<p style=\"font-size:14px\">Desde Coses del Poble queremos acercar la cultura a la gente i hacerla part\u00edcipe en sus diferentes concepciones. Es por ello que cada verano organizamos un acto en la plaza del Ayuntamiento para mostrar diferentes aspectos de la cultura mequinenzana en forma de exposici\u00f3n al mismo tiempo que taller, especialmente orientado hacia los m\u00e1s j\u00f3venes de la localidad. <\/p>\n<\/div><\/div>\n\n<div class=\"wp-block-media-text is-stacked-on-mobile project-item\" style=\"grid-template-columns:25% auto\"><figure class=\"wp-block-media-text__media\"><img loading=\"lazy\" decoding=\"async\" width=\"600\" height=\"850\" src=\"https:\/\/cosesdelpoble.org\/wp-content\/uploads\/2025\/10\/batalla_auts_600px.jpg\" alt=\"\" class=\"wp-image-138 size-full\" srcset=\"https:\/\/cosesdelpoble.org\/wp-content\/uploads\/2025\/10\/batalla_auts_600px.jpg 600w, https:\/\/cosesdelpoble.org\/wp-content\/uploads\/2025\/10\/batalla_auts_600px-212x300.jpg 212w\" sizes=\"auto, (max-width: 600px) 100vw, 600px\" \/><\/figure><div class=\"wp-block-media-text__content\">\n<h3 class=\"wp-block-heading\">La batalla de los Auts<\/h3>\n\n\n\n<p style=\"font-size:14px\">Coses del Poble no pod\u00eda olvidar un suceso como \u00e9ste. Durante el verano de 2018 hemos realizado un acto conmemorativo de los 80 a\u00f1os de la batalla de los Auts, aquel terrible momento de la Guerra Civil que llen\u00f3 de sangre las tierras de nuestro t\u00e9rmino. Durante los fines de semana del 28 y 29 de julio y del 4 y 5 de agosto, d\u00edas en los que se combat\u00eda en Porchina y los Auts 80 a\u00f1os atr\u00e1s, hemos montado una exposici\u00f3n alternativa en la plaza del Ayuntamiento con todo un conjunto de carteles explicando los duros sucesos del per\u00edodo de la Guerra Civil y la inmediata postguerra, aportando de forma p\u00fablica los nombres de las v\u00edctimas de la guerra y de la represi\u00f3n franquista.  <\/p>\n<\/div><\/div>\n\n<div class=\"wp-block-media-text is-stacked-on-mobile project-item\" style=\"grid-template-columns:25% auto\"><figure class=\"wp-block-media-text__media\"><img loading=\"lazy\" decoding=\"async\" width=\"600\" height=\"290\" src=\"https:\/\/cosesdelpoble.org\/wp-content\/uploads\/2025\/10\/taller_historia_600px.jpg\" alt=\"\" class=\"wp-image-134 size-full\" srcset=\"https:\/\/cosesdelpoble.org\/wp-content\/uploads\/2025\/10\/taller_historia_600px.jpg 600w, https:\/\/cosesdelpoble.org\/wp-content\/uploads\/2025\/10\/taller_historia_600px-300x145.jpg 300w\" sizes=\"auto, (max-width: 600px) 100vw, 600px\" \/><\/figure><div class=\"wp-block-media-text__content\">\n<h3 class=\"wp-block-heading\">Taller de Historia<\/h3>\n\n\n\n<p style=\"font-size:14px\">Es necesario difundir lo que conocemos del pasado del pueblo, y hay que hacerlo de forma interactiva. Con este lema Coses del Poble ha realizado durante cinco fines de semana de oto\u00f1o de 2017 los \u00abTalleres de Historia\u00bb. Unas sesiones con la participaci\u00f3n activa de los vecinos, leyendo textos de diferentes \u00e9pocas relativos a los sucesos y las formas de vida en la Mequinenza de tiempo atr\u00e1s.  <br\/><br\/>El \u00e9xito de la iniciativa, que llen\u00f3 el aula de la Casa de la Cultura, nos motiva para continuar en esta l\u00ednea, y ya se preparan nuevas sesiones para los pr\u00f3ximos a\u00f1os.<\/p>\n<\/div><\/div>\n\n<div class=\"wp-block-media-text is-stacked-on-mobile project-item\" style=\"grid-template-columns:25% auto\"><figure class=\"wp-block-media-text__media\"><img loading=\"lazy\" decoding=\"async\" width=\"600\" height=\"292\" src=\"https:\/\/cosesdelpoble.org\/wp-content\/uploads\/2025\/10\/jocs_de_sempre_600px.jpg\" alt=\"\" class=\"wp-image-135 size-full\" srcset=\"https:\/\/cosesdelpoble.org\/wp-content\/uploads\/2025\/10\/jocs_de_sempre_600px.jpg 600w, https:\/\/cosesdelpoble.org\/wp-content\/uploads\/2025\/10\/jocs_de_sempre_600px-300x146.jpg 300w\" sizes=\"auto, (max-width: 600px) 100vw, 600px\" \/><\/figure><div class=\"wp-block-media-text__content\">\n<h3 class=\"wp-block-heading\">Los juegos de siempre<\/h3>\n\n\n\n<p style=\"font-size:14px\">En el transcurso de les \u00faltimas d\u00e9cadas la revoluci\u00f3n de las nuevas tecnolog\u00edas han cambiado de forma considerable la forma de jugar de los peque\u00f1os del pueblo. Internet, las c\u00f3nsolas y otros juegos sofisticados han variado en gran medida las pautas de comportamiento de los ni\u00f1os. Pero siempre se ha jugado. Con este proyecto queremos recuperar la memoria de la ni\u00f1ez de los mequinenzanos m\u00e1s mayores para que los \u00abjuegos de siempre\u00bb no se pierdan definitivamente.   <br\/><br\/>\u200bLa actuaci\u00f3n ha contado con diversas activitades en el colegio y en la ludoteca para compartir estos ant\u00edguos juegos con los m\u00e1s peque\u00f1os, y en breve se presentar\u00e1 una publicaci\u00f3n.<\/p>\n<\/div><\/div>\n\n<div class=\"wp-block-media-text is-stacked-on-mobile project-item\" style=\"grid-template-columns:25% auto\"><figure class=\"wp-block-media-text__media\"><img loading=\"lazy\" decoding=\"async\" width=\"600\" height=\"291\" src=\"https:\/\/cosesdelpoble.org\/wp-content\/uploads\/2025\/10\/coneixer_passat_600px.jpg\" alt=\"\" class=\"wp-image-136 size-full\" srcset=\"https:\/\/cosesdelpoble.org\/wp-content\/uploads\/2025\/10\/coneixer_passat_600px.jpg 600w, https:\/\/cosesdelpoble.org\/wp-content\/uploads\/2025\/10\/coneixer_passat_600px-300x146.jpg 300w\" sizes=\"auto, (max-width: 600px) 100vw, 600px\" \/><\/figure><div class=\"wp-block-media-text__content\">\n<h3 class=\"wp-block-heading\">Conocer el pasado&#8230;<\/h3>\n\n\n\n<p style=\"font-size:14px\">En una sus obras, el mequinenzano Jes\u00fas Moncada dec\u00eda que el pueblo era \u00ablo rovell de l&#8217;ou de la gal\u00e0xia\u00bb. Durante siglos Mequinenza ha sido un centro neur\u00e1lgico de las comunicaciones, y por ello ha quedado un importante patrimonio hist\u00f3rico y arqueol\u00f3gico. Desde Coses del Poble hemos iniciado un ciclo de campa\u00f1as de difusi\u00f3n que hasta el momento se ha centrado en la arqueolog\u00eda.  <br\/><br\/>\u200bSe han realizado conferencias, exposiciones y visitas guiadas a los yacimentos de Castellets (la Octogesa de Julio C\u00e9sar) en 2015, de Riols (el conjunto de caba\u00f1as del neol\u00edtico m\u00e1s ant\u00edguo de Arag\u00f3n) en 2016, y de las pinturas rupestres (declaradas patrimonio de la humanidad por la UNESCO) en 2017.<\/p>\n<\/div><\/div>\n\n<div class=\"wp-block-media-text is-stacked-on-mobile project-item\" style=\"grid-template-columns:25% auto\"><figure class=\"wp-block-media-text__media\"><img loading=\"lazy\" decoding=\"async\" width=\"600\" height=\"450\" src=\"https:\/\/cosesdelpoble.org\/wp-content\/uploads\/2025\/10\/castellets_pedra_bonica_600px.jpg\" alt=\"\" class=\"wp-image-137 size-full\" srcset=\"https:\/\/cosesdelpoble.org\/wp-content\/uploads\/2025\/10\/castellets_pedra_bonica_600px.jpg 600w, https:\/\/cosesdelpoble.org\/wp-content\/uploads\/2025\/10\/castellets_pedra_bonica_600px-300x225.jpg 300w\" sizes=\"auto, (max-width: 600px) 100vw, 600px\" \/><\/figure><div class=\"wp-block-media-text__content\">\n<h3 class=\"wp-block-heading\">Castellets y la Pedra Bonica<\/h3>\n\n\n\n<p style=\"font-size:14px\">El tiempo pasa para todos, y tambi\u00e9n pera los monumentos. Despu\u00e9s de dos mil a\u00f1os, la torre \u00edbera de Castellets y la calzada romana de \u00abla Pedra Bonica\u00bb est\u00e1n sufriendo los efectos del abandono y de la erosi\u00f3n. Conocedores de la importancia de este patrimonio, Coses del Poble se ha reunido en diversas ocasiones con el Ayuntamiento y con t\u00e9cnicos de Patrimonio Cultural de la Diputaci\u00f3n General de Arag\u00f3n para encontrar una soluci\u00f3n que evite la p\u00e9rdida del patrimonio hist\u00f3rico m\u00e1s importante que hay en el municipio.  <\/p>\n<\/div><\/div>\n","protected":false},"excerpt":{"rendered":"<p>Un espacio tan rico en patrimonio cultural y natural com el del t\u00e9rmino de Mequinenza ha de adolecer, a la fuerza, de numerosos problemas. El principal es su desconocimiento. Los miembros de Coses del Poble unimos intereses y esfuerzos para conocer y difundir esta riqueza. Actualmente tenemos en funcionamiento los siguientes proyectos: Kultura al Karrer &#8230; <a title=\"Nuestros proyectos\" class=\"read-more\" href=\"https:\/\/cosesdelpoble.org\/es\/nuestros-proyectos\/\" aria-label=\"Leer m\u00e1s sobre Nuestros proyectos\">Leer m\u00e1s<\/a><\/p>\n","protected":false},"author":1,"featured_media":0,"parent":0,"menu_order":0,"comment_status":"closed","ping_status":"closed","template":"","meta":{"footnotes":""},"class_list":["post-1273","page","type-page","status-publish"],"_links":{"self":[{"href":"https:\/\/cosesdelpoble.org\/es\/wp-json\/wp\/v2\/pages\/1273","targetHints":{"allow":["GET"]}}],"collection":[{"href":"https:\/\/cosesdelpoble.org\/es\/wp-json\/wp\/v2\/pages"}],"about":[{"href":"https:\/\/cosesdelpoble.org\/es\/wp-json\/wp\/v2\/types\/page"}],"author":[{"embeddable":true,"href":"https:\/\/cosesdelpoble.org\/es\/wp-json\/wp\/v2\/users\/1"}],"replies":[{"embeddable":true,"href":"https:\/\/cosesdelpoble.org\/es\/wp-json\/wp\/v2\/comments?post=1273"}],"version-history":[{"count":1,"href":"https:\/\/cosesdelpoble.org\/es\/wp-json\/wp\/v2\/pages\/1273\/revisions"}],"predecessor-version":[{"id":1274,"href":"https:\/\/cosesdelpoble.org\/es\/wp-json\/wp\/v2\/pages\/1273\/revisions\/1274"}],"wp:attachment":[{"href":"https:\/\/cosesdelpoble.org\/es\/wp-json\/wp\/v2\/media?parent=1273"}],"curies":[{"name":"wp","href":"https:\/\/api.w.org\/{rel}","templated":true}]}}