{"id":1244,"date":"2025-10-15T10:22:43","date_gmt":"2025-10-15T08:22:43","guid":{"rendered":"https:\/\/cosesdelpoble.org\/inicio\/"},"modified":"2025-11-13T16:13:19","modified_gmt":"2025-11-13T15:13:19","slug":"inicio","status":"publish","type":"page","link":"https:\/\/cosesdelpoble.org\/es\/","title":{"rendered":"Inicio"},"content":{"rendered":"\n<div class=\"wp-block-columns home-slider-container has-base-3-background-color has-background is-layout-flex wp-container-core-columns-is-layout-9d6595d7 wp-block-columns-is-layout-flex\">\n<div class=\"wp-block-column is-layout-flow wp-block-column-is-layout-flow\" style=\"flex-basis:25%\">\n<p style=\"font-size:30px\"><strong>Mequinenza, en la confluencia del Ebro y el Segre. Patrimonio Natural, Cultural e Hist\u00f3rico.  <br\/>\u00a1Ay\u00fadanos a conservarlo!<\/strong><\/p>\n<\/div>\n\n\n\n<div class=\"wp-block-column is-layout-flow wp-block-column-is-layout-flow\">\n<div class=\"wp-block-cb-carousel-v2 cb-carousel-block cb-single-slide\" data-cb-slides-per-view=\"1\" data-cb-slides-per-group=\"1\" data-cb-space-between=\"15\" data-cb-speed=\"300\" data-cb-navigation=\"true\" data-cb-loop=\"true\" data-cb-autoplay=\"true\" data-cb-autoplay-speed=\"3000\" data-cb-breakpoints=\"{&quot;768&quot;:{&quot;slidesPerView&quot;:1,&quot;slidesPerGroup&quot;:1}}\"><div class=\"swiper\"><div class=\"cb-wrapper swiper-wrapper\">\n<div class=\"wp-block-cb-slide-v2 cb-slide swiper-slide\"><div class=\"wp-block-image\">\n<figure class=\"aligncenter size-full\"><img loading=\"lazy\" decoding=\"async\" width=\"600\" height=\"450\" src=\"https:\/\/cosesdelpoble.org\/wp-content\/uploads\/2025\/10\/slider-02_600px.jpg\" alt=\"\" class=\"wp-image-196\" srcset=\"https:\/\/cosesdelpoble.org\/wp-content\/uploads\/2025\/10\/slider-02_600px.jpg 600w, https:\/\/cosesdelpoble.org\/wp-content\/uploads\/2025\/10\/slider-02_600px-300x225.jpg 300w\" sizes=\"auto, (max-width: 600px) 100vw, 600px\" \/><\/figure>\n<\/div>\n\n\n<h4 class=\"wp-block-heading has-text-align-center\">Castellets, l&#8217;Octogesa de Juli C\u00e9sar<\/h4>\n<\/div>\n\n\n\n<div class=\"wp-block-cb-slide-v2 cb-slide swiper-slide\"><div class=\"wp-block-image\">\n<figure class=\"aligncenter size-full\"><img loading=\"lazy\" decoding=\"async\" width=\"600\" height=\"450\" src=\"https:\/\/cosesdelpoble.org\/wp-content\/uploads\/2025\/10\/slider-05_600px.jpg\" alt=\"\" class=\"wp-image-212\" srcset=\"https:\/\/cosesdelpoble.org\/wp-content\/uploads\/2025\/10\/slider-05_600px.jpg 600w, https:\/\/cosesdelpoble.org\/wp-content\/uploads\/2025\/10\/slider-05_600px-300x225.jpg 300w\" sizes=\"auto, (max-width: 600px) 100vw, 600px\" \/><\/figure>\n<\/div>\n\n\n<h4 class=\"wp-block-heading has-text-align-center\">Los pueblos viejo y nuevo de Mequinenza<\/h4>\n<\/div>\n\n\n\n<div class=\"wp-block-cb-slide-v2 cb-slide swiper-slide\"><div class=\"wp-block-image\">\n<figure class=\"aligncenter size-full\"><img loading=\"lazy\" decoding=\"async\" width=\"600\" height=\"450\" src=\"https:\/\/cosesdelpoble.org\/wp-content\/uploads\/2025\/10\/slider-03_600px.jpg\" alt=\"\" class=\"wp-image-214\" srcset=\"https:\/\/cosesdelpoble.org\/wp-content\/uploads\/2025\/10\/slider-03_600px.jpg 600w, https:\/\/cosesdelpoble.org\/wp-content\/uploads\/2025\/10\/slider-03_600px-300x225.jpg 300w\" sizes=\"auto, (max-width: 600px) 100vw, 600px\" \/><\/figure>\n<\/div>\n\n\n<h4 class=\"wp-block-heading has-text-align-center\">La niebla bajo el Monegre<\/h4>\n<\/div>\n\n\n\n<div class=\"wp-block-cb-slide-v2 cb-slide swiper-slide\"><div class=\"wp-block-image\">\n<figure class=\"aligncenter size-full\"><img loading=\"lazy\" decoding=\"async\" width=\"600\" height=\"450\" src=\"https:\/\/cosesdelpoble.org\/wp-content\/uploads\/2025\/10\/slider-01_600px.jpg\" alt=\"\" class=\"wp-image-216\" srcset=\"https:\/\/cosesdelpoble.org\/wp-content\/uploads\/2025\/10\/slider-01_600px.jpg 600w, https:\/\/cosesdelpoble.org\/wp-content\/uploads\/2025\/10\/slider-01_600px-300x225.jpg 300w\" sizes=\"auto, (max-width: 600px) 100vw, 600px\" \/><\/figure>\n<\/div>\n\n\n<h4 class=\"wp-block-heading has-text-align-center\">Balsa en Monegre<\/h4>\n<\/div>\n<\/div><\/div><div class=\"cb-button-prev swiper-button-prev\"><\/div><div class=\"cb-button-next swiper-button-next\"><\/div><\/div>\n<\/div>\n<\/div>\n\n<div style=\"height:40px\" aria-hidden=\"true\" class=\"wp-block-spacer\"><\/div>\n\n<div class=\"wp-block-columns home-widgets is-layout-flex wp-container-core-columns-is-layout-9d6595d7 wp-block-columns-is-layout-flex\">\n<div class=\"wp-block-column border-decoration is-layout-flow wp-block-column-is-layout-flow\" style=\"flex-basis:25%\">\n<h3 class=\"wp-block-heading\">Publicaciones<\/h3>\n\n\n\n<p style=\"font-size:14px\"><strong>El Grupo de Investigaci\u00f3n Coses del Poble realiza actividades de investigaci\u00f3n, pero no queremos que queden olvidados en un caj\u00f3n. \u00a1Hay que compartirlas!  <br\/>Entra y conoce los diferentes trabajos editados por la associaci\u00f3n o con la promoci\u00f3n y colaboraci\u00f3n del Grupo.<\/strong><\/p>\n\n\n\n<div class=\"wp-block-buttons is-content-justification-right is-layout-flex wp-container-core-buttons-is-layout-765c4724 wp-block-buttons-is-layout-flex\">\n<div class=\"wp-block-button\"><a class=\"wp-block-button__link has-accent-color has-text-color has-background has-link-color wp-element-button\" href=\"https:\/\/cosesdelpoble.org\/es\/publicaciones\/\" style=\"background-color:#ffffff00\">Leer mas<\/a><\/div>\n<\/div>\n<\/div>\n\n\n\n<div class=\"wp-block-column border-decoration is-layout-flow wp-block-column-is-layout-flow\" style=\"flex-basis:25%\">\n<h3 class=\"wp-block-heading\">Proyectos<\/h3>\n\n\n\n<p style=\"font-size:14px\"><strong>Desde Coses del Poble impulsamos diferentes proyectos para conservar y difundir el rico patrimonio cultural y natural de Mequinenza i de sus vecinos. Conocer el patrimonio es el primer paso para conservarlo. S\u00edguenos para saber m\u00e1s de todo aquello que nos rodea.  <\/strong><\/p>\n\n\n\n<div class=\"wp-block-buttons is-content-justification-right is-layout-flex wp-container-core-buttons-is-layout-765c4724 wp-block-buttons-is-layout-flex\">\n<div class=\"wp-block-button\"><a class=\"wp-block-button__link has-accent-color has-text-color has-background has-link-color wp-element-button\" href=\"https:\/\/cosesdelpoble.org\/es\/proyectos\/\" style=\"background-color:#ffffff00\">Leer mas<\/a><\/div>\n<\/div>\n<\/div>\n\n\n\n<div class=\"wp-block-column border-decoration is-layout-flow wp-block-column-is-layout-flow\" style=\"flex-basis:25%\">\n<h3 class=\"wp-block-heading\">\u00bfQu\u00e9 hacer?<\/h3>\n\n\n\n<p style=\"font-size:14px\"><strong>Hazte socio&#8230; \u00a1activo! ven y participa en los proyectos que est\u00e1n en marcha, o prop\u00f3n tu idea; seguro que encontrar\u00e1s compa\u00f1eros que te ayudar\u00e1n a alcanzar tu objetivo.<\/strong><\/p>\n\n\n\n<div class=\"wp-block-buttons is-content-justification-right is-layout-flex wp-container-core-buttons-is-layout-765c4724 wp-block-buttons-is-layout-flex\">\n<div class=\"wp-block-button\"><a class=\"wp-block-button__link has-accent-color has-text-color has-background has-link-color wp-element-button\" href=\"https:\/\/cosesdelpoble.org\/es\/que-hacer\/\" style=\"background-color:#ffffff00\">Leer mas<\/a><\/div>\n<\/div>\n<\/div>\n\n\n\n<div class=\"wp-block-column border-decoration is-layout-flow wp-block-column-is-layout-flow\" style=\"flex-basis:25%\">\n<h3 class=\"wp-block-heading\">\u00a1Impl\u00edcate!<\/h3>\n\n\n\n<p style=\"font-size:14px\"><strong>Un pueblo activo es un pueblo vivo. La cultura la hacen los vecinos, al compartir intereses y aficiones. La associaci\u00f3 Coses del Poble es una plataforma vecinal que os ofrece algunes v\u00edas para compartir conocimientos sobre el municipio.<\/strong><\/p>\n\n\n\n<div class=\"wp-block-buttons is-content-justification-right is-layout-flex wp-container-core-buttons-is-layout-765c4724 wp-block-buttons-is-layout-flex\">\n<div class=\"wp-block-button\"><a class=\"wp-block-button__link has-accent-color has-text-color has-background has-link-color wp-element-button\" href=\"https:\/\/cosesdelpoble.org\/es\/implicate\/\" style=\"background-color:#ffffff00\">Leer mas<\/a><\/div>\n<\/div>\n<\/div>\n<\/div>\n\n<div style=\"height:40px\" aria-hidden=\"true\" class=\"wp-block-spacer\"><\/div>\n\n<div class=\"wp-block-columns is-layout-flex wp-container-core-columns-is-layout-9d6595d7 wp-block-columns-is-layout-flex\">\n<div class=\"wp-block-column is-layout-flow wp-block-column-is-layout-flow\" style=\"flex-basis:25%\">\n<p class=\"section-title has-base-3-color has-accent-background-color has-text-color has-background has-link-color has-medium-font-size wp-elements-e5aeb264b90a8f696131d7e4b33ac7bc\"><strong>Nuevo!<\/strong><\/p>\n\n\n\n<p style=\"font-size:14px\"><strong>L&#8217;Angorfa es la publicaci\u00f3n anual de Coses del Poble en formato Revista. Con muchas colaboraciones y siempre aportando novetades sobre la historia, la lengua, la naturaleza de Mequinenza, \u00bfy muchas cosas m\u00e1s! <\/strong><\/p>\n\n\n\n<p class=\"section-title has-base-3-color has-accent-background-color has-text-color has-background has-link-color has-medium-font-size wp-elements-e5aeb264b90a8f696131d7e4b33ac7bc\"><strong>Nuevo!<\/strong><\/p>\n\n\n\n<p style=\"font-size:14px\"><strong>Con el programa \u00abKultura al Karrer\u00bb queremos sacar la cultura de los museos y salas de conferencias y acercarla a toda la gente. En verano, en la plaza, \u00a1Kultura al Karrer! <\/strong><\/p>\n<\/div>\n\n\n\n<div class=\"wp-block-column is-layout-flow wp-block-column-is-layout-flow\" style=\"flex-basis:75%\">\n<p class=\"section-title has-base-3-color has-accent-background-color has-text-color has-background has-link-color has-medium-font-size wp-elements-6a36b224448b5a26c6ce592cd8be348f\"><strong>\u00daltimo proyecto<\/strong><\/p>\n\n\n\n<div style=\"height:20px\" aria-hidden=\"true\" class=\"wp-block-spacer\"><\/div>\n\n\n\n<div class=\"wp-block-media-text is-stacked-on-mobile\" style=\"grid-template-columns:30% auto\"><figure class=\"wp-block-media-text__media\"><img loading=\"lazy\" decoding=\"async\" width=\"600\" height=\"594\" src=\"https:\/\/cosesdelpoble.org\/wp-content\/uploads\/2025\/10\/kk2019_600px.png\" alt=\"\" class=\"wp-image-125 size-full\" srcset=\"https:\/\/cosesdelpoble.org\/wp-content\/uploads\/2025\/10\/kk2019_600px.png 600w, https:\/\/cosesdelpoble.org\/wp-content\/uploads\/2025\/10\/kk2019_600px-300x297.png 300w, https:\/\/cosesdelpoble.org\/wp-content\/uploads\/2025\/10\/kk2019_600px-150x150.png 150w\" sizes=\"auto, (max-width: 600px) 100vw, 600px\" \/><\/figure><div class=\"wp-block-media-text__content\">\n<p><strong>Ultimamente los esfuerzos de Coses del Poble se han centrado en difundir entre los vecinos -especialmente entre los m\u00e1s peque\u00f1os- la cultura que se genera en o por los mequinenzanos.<\/strong><\/p>\n<\/div><\/div>\n<\/div>\n<\/div>\n","protected":false},"excerpt":{"rendered":"<p>Mequinenza, en la confluencia del Ebro y el Segre. Patrimonio Natural, Cultural e Hist\u00f3rico. \u00a1Ay\u00fadanos a conservarlo! Publicaciones El Grupo de Investigaci\u00f3n Coses del Poble realiza actividades de investigaci\u00f3n, pero no queremos que queden olvidados en un caj\u00f3n. \u00a1Hay que compartirlas! Entra y conoce los diferentes trabajos editados por la associaci\u00f3n o con la promoci\u00f3n &#8230; <a title=\"Inicio\" class=\"read-more\" href=\"https:\/\/cosesdelpoble.org\/es\/\" aria-label=\"Leer m\u00e1s sobre Inicio\">Leer m\u00e1s<\/a><\/p>\n","protected":false},"author":1,"featured_media":0,"parent":0,"menu_order":0,"comment_status":"closed","ping_status":"closed","template":"","meta":{"footnotes":""},"class_list":["post-1244","page","type-page","status-publish"],"_links":{"self":[{"href":"https:\/\/cosesdelpoble.org\/es\/wp-json\/wp\/v2\/pages\/1244","targetHints":{"allow":["GET"]}}],"collection":[{"href":"https:\/\/cosesdelpoble.org\/es\/wp-json\/wp\/v2\/pages"}],"about":[{"href":"https:\/\/cosesdelpoble.org\/es\/wp-json\/wp\/v2\/types\/page"}],"author":[{"embeddable":true,"href":"https:\/\/cosesdelpoble.org\/es\/wp-json\/wp\/v2\/users\/1"}],"replies":[{"embeddable":true,"href":"https:\/\/cosesdelpoble.org\/es\/wp-json\/wp\/v2\/comments?post=1244"}],"version-history":[{"count":1,"href":"https:\/\/cosesdelpoble.org\/es\/wp-json\/wp\/v2\/pages\/1244\/revisions"}],"predecessor-version":[{"id":1245,"href":"https:\/\/cosesdelpoble.org\/es\/wp-json\/wp\/v2\/pages\/1244\/revisions\/1245"}],"wp:attachment":[{"href":"https:\/\/cosesdelpoble.org\/es\/wp-json\/wp\/v2\/media?parent=1244"}],"curies":[{"name":"wp","href":"https:\/\/api.w.org\/{rel}","templated":true}]}}